{"id":312,"date":"2025-08-29T05:54:00","date_gmt":"2025-08-29T05:54:00","guid":{"rendered":"https:\/\/batmanculer.com\/?page_id=312"},"modified":"2025-09-03T19:20:21","modified_gmt":"2025-09-03T19:20:21","slug":"terms-conditions","status":"publish","type":"page","link":"https:\/\/trueobservermedia.com\/es\/terms-conditions\/","title":{"rendered":"Condiciones generales"},"content":{"rendered":"<p>1. Introducci\u00f3n<\/p>\r\n\r\n\r\n\r\n<p>Estos T\u00e9rminos y Condiciones (\u201cT\u00e9rminos\u201d) rigen el uso del sitio web operado por True Observer Media Ltd. (\u201cnosotros\u201d, \u201cnuestro\u201d).\nAl acceder o utilizar nuestro sitio web y nuestros servicios, aceptas quedar vinculado por estos T\u00e9rminos.\nSi no est\u00e1s de acuerdo, por favor no utilices nuestros servicios.<\/p>\r\n\r\n\r\n\r\n<p>2. Servicios<\/p>\r\n\r\n\r\n\r\n<p>True Observer Media Ltd. proporciona servicios de investigaci\u00f3n, monitorizaci\u00f3n y an\u00e1lisis.\nNos reservamos el derecho de modificar o interrumpir cualquier servicio sin previo aviso.<\/p>\r\n\r\n\r\n\r\n<p>3. Uso del sitio web<\/p>\r\n\r\n\r\n\r\n<p>Te comprometes a no hacer un uso indebido de este sitio web.\nNo debes intentar obtener acceso no autorizado, introducir software malicioso ni utilizar el sitio para fines il\u00edcitos.<\/p>\r\n\r\n\r\n\r\n<p>4. Pagos<\/p>\r\n\r\n\r\n\r\n<p>Cualquier pago por los servicios debe realizarse conforme al precio acordado.\nLos reembolsos se rigen por nuestra Pol\u00edtica de Reembolso y Cancelaci\u00f3n.<\/p>\r\n\r\n\r\n\r\n<p>5. Responsabilidad<\/p>\r\n\r\n\r\n\r\n<p>Realizamos esfuerzos razonables para garantizar la exactitud de la informaci\u00f3n, pero no garantizamos que toda la informaci\u00f3n est\u00e9 libre de errores.\nNo seremos responsables de p\u00e9rdidas derivadas de la confianza en nuestro contenido.<\/p>\r\n\r\n\r\n\r\n<p>6. Legislaci\u00f3n aplicable<\/p>\r\n\r\n\r\n\r\n<p>Estos T\u00e9rminos se regir\u00e1n por las leyes de Inglaterra y Gales.<\/p>\r\n\r\n\r\n\r\n<p><\/p>","protected":false},"excerpt":{"rendered":"<p>1. Introduction These Terms &amp; Conditions (\u201cTerms\u201d) govern your use of the website operated by True Observer Media Ltd. (\u201cwe\u201d, \u201cour\u201d, \u201cus\u201d). By accessing or using our website and services, you agree to be bound by these Terms. If you do not agree, please do not use our services. 2. Services True Observer Media Ltd. [&hellip;]<\/p>\n","protected":false},"author":1,"featured_media":0,"parent":0,"menu_order":0,"comment_status":"closed","ping_status":"closed","template":"","meta":{"footnotes":""},"class_list":["post-312","page","type-page","status-publish","hentry"],"_links":{"self":[{"href":"https:\/\/trueobservermedia.com\/es\/wp-json\/wp\/v2\/pages\/312","targetHints":{"allow":["GET"]}}],"collection":[{"href":"https:\/\/trueobservermedia.com\/es\/wp-json\/wp\/v2\/pages"}],"about":[{"href":"https:\/\/trueobservermedia.com\/es\/wp-json\/wp\/v2\/types\/page"}],"author":[{"embeddable":true,"href":"https:\/\/trueobservermedia.com\/es\/wp-json\/wp\/v2\/users\/1"}],"replies":[{"embeddable":true,"href":"https:\/\/trueobservermedia.com\/es\/wp-json\/wp\/v2\/comments?post=312"}],"version-history":[{"count":2,"href":"https:\/\/trueobservermedia.com\/es\/wp-json\/wp\/v2\/pages\/312\/revisions"}],"predecessor-version":[{"id":825,"href":"https:\/\/trueobservermedia.com\/es\/wp-json\/wp\/v2\/pages\/312\/revisions\/825"}],"wp:attachment":[{"href":"https:\/\/trueobservermedia.com\/es\/wp-json\/wp\/v2\/media?parent=312"}],"curies":[{"name":"wp","href":"https:\/\/api.w.org\/{rel}","templated":true}]}}